{"id":22,"date":"2016-03-09T14:14:04","date_gmt":"2016-03-09T14:14:04","guid":{"rendered":"https:\/\/lbmpilotajes.com\/?page_id=22"},"modified":"2018-05-08T13:49:10","modified_gmt":"2018-05-08T13:49:10","slug":"pilotes-interpile-venezuela","status":"publish","type":"page","link":"https:\/\/lbmpilotajes.com\/index.php\/pilotes-interpile-venezuela\/","title":{"rendered":"Pilotes INTERPILE"},"content":{"rendered":"<h2 style=\"color: red\">\u00bfQu\u00e9 es un Pilote INTERPILE?<\/h2>\n<p>Un pilote\u00a0<strong>INTERPILE<\/strong>\u00a0es un pilote de concreto armado, hincado y vaciado en sitio, sin utilizaci\u00f3n de camisa protectora, que se adapta perfectamente a todas las condiciones de carga posibles y a casi todos los tipos de suelos, incluyendo aquellos que se encuentran por debajo del nivel fre\u00e1tico.<\/p>\n<h2 style=\"color: red\">\u00bfC\u00f3mo se construye un pilote INTERPILE?<\/h2>\n<p>Se hinca en el terreno un disco met\u00e1lico del di\u00e1metro del pilote deseado, usando para ello un tubo de acero de di\u00e1metro menor. Este tubo o mandril, es hincado utilizando martillos Diesel o de aire, de tipo convencional.<\/p>\n<p>La energ\u00eda de hinca se puede correlacionar con la resistencia del suelo a la penetraci\u00f3n de la punta del pilote, pudi\u00e9ndose adaptar de esta manera la longitud del pilote a la profundidad del estrato portante, en aquellos casos donde este pueda encontrarse a profundidades variables.<\/p>\n<p>El concreto con consistencia de lechada, se coloca a medida que el tubo es hincado, y va rellenado tanto el espacio anular comprendido entre el terreno circundante y el mandril como el interior del tubo, introduci\u00e9ndose a este \u00faltimo a trav\u00e9s de orificios practicados en la cara del mismo.<\/p>\n<p>Una vez que se alcanza la profundidad deseada, se retira el mandril utilizado para la hinca y se introduce el acero de refuerzo requerido.<\/p>\n<p>La completa confiabilidad de los pilotes tipo\u00a0INTERPILE\u00a0ha sido confirmada por cuidadosas investigaciones y por numerosas pruebas de carga.<\/p>\n<h2 style=\"color: red\">PROCESO DE CONSTRUCCI\u00d3N DE UN PILOTE INTERPILE<\/h2>\n<p><strong>PASO 1:<\/strong>\u00a0La punta de acero se coloca dentro de la tolva de vaciado. El mandril se encaja dentro de la punta de acero y la tolva se llena con el mortero necesario para formar el pilote.<\/p>\n<p><strong>PASO 2:<\/strong>\u00a0A medida que la punta de acero es hincada dentro del terreno, el mortero va rellenando el hueco creado por la punta de acero.<\/p>\n<p><strong>PASO 3:<\/strong>\u00a0Se extrae el mandril del interior del hueco dejando la punta de acero en el fondo. As\u00ed queda concluido el vaciado del concreto en el pilote.<\/p>\n<p><strong>PASO 4:<\/strong>\u00a0Se introduce la armadura de acero inmediatamente despu\u00e9s de extraer el mandril. El pilote queda listo.<\/p>\n<h2 style=\"color: red\">\u00bfCUALES SON LAS VENTAJAS DE LOS INTERPILE?<\/h2>\n<p><strong>1. MENOR COSTO QUE CUALQUIER OTRO PILOTE COMPARABLE:<\/strong><br \/>\n&#8211; Ahorro hasta del 40% en el costo, comparado con pilotes convencionales de tama\u00f1o similar.<br \/>\n&#8211; Lleva solamente la cantidad de acero especificada para la condici\u00f3n de trabajo del pilote.<\/p>\n<p><strong>2. R\u00c1PIDA MOVILIZACI\u00d3N:<\/strong><br \/>\n&#8211; Se pueden utilizar equipos de menor tama\u00f1o que los requeridos para la ejecuci\u00f3n de otros tipos de pilotes hincados.<\/p>\n<p><strong>3. R\u00c1PIDA EJECUCI\u00d3N:<\/strong><br \/>\n-Menos golpes por metro, debido a que no existe fricci\u00f3n lateral durante la hinca.<\/p>\n<p><strong>4. PILOTES DE GRAN CAPACIDAD:<\/strong><br \/>\n&#8211; La energ\u00eda de los golpes del martillo se concentra en el fondo del pilote, y no es absorbida por la adherencia del mismo al suelo durante la hinca.<br \/>\n&#8211; La fricci\u00f3n lateral durante la hinca virtualmente se elimina, permitiendo la ejecuci\u00f3n de pilotes de gran capacidad de carga utilizando martillos de menor capacidad.<br \/>\n&#8211; El di\u00e1metro constante del fuste permite obtener la mayor \u00e1rea en la punta del pilote, donde se desarrollan los mayores valores de resistencia del suelo y capacidad de soporte.<\/p>\n<p><strong>5. FUSTE DEL PILOTE EXTREMADAMENTE FUERTE:<\/strong><br \/>\n&#8211; Durante la hinca, las vibraciones crean un mortero sumamente denso en el fuste del pilote.<\/p>\n<p><strong>6. BAJO NIVEL DE VIBRACIONES:<\/strong><br \/>\n\u2013 Se reducen las vibraciones producidas por la hinca, debido a la peque\u00f1a \u00e1rea de pilote en contacto con el suelo durante el proceso de hincado; adem\u00e1s, las vibraciones del mandril son amortiguadas por el concreto \u201ch\u00famedo\u201d. Es por esto que los pilotes INTERPILE pueden ser utilizados cerca de estructuras existentes.<\/p>\n<p><strong>7. PROPORCIONAN UNA MAYOR RESISTENCIA A LA TRACCI\u00d3N:<\/strong><br \/>\n\u2013 El fuste del concreto se adapta a todas las irregularidades del perfil del suelo.<\/p>\n<p>El sistema\u00a0<strong>INTERPILE<\/strong>\u00a0para pilotes de concreto hincados y vaciados en sitio, se est\u00e1 usando desde hace a\u00f1os con \u00e9xito en los Estados Unidos, y en pa\u00edses latinoamericanos como M\u00e9xico, Colombia y Ecuador, y desde 1981 en Venezuela.<\/p>\n<p><img loading=\"lazy\" decoding=\"async\" src=\"https:\/\/lbmpilotajes.com\/wp-content\/uploads\/2018\/05\/lbm-interpile-pilote.jpg\" alt=\"\" width=\"1226\" height=\"1649\" class=\"aligncenter size-full wp-image-118\" srcset=\"https:\/\/lbmpilotajes.com\/wp-content\/uploads\/2018\/05\/lbm-interpile-pilote.jpg 1226w, https:\/\/lbmpilotajes.com\/wp-content\/uploads\/2018\/05\/lbm-interpile-pilote-223x300.jpg 223w, https:\/\/lbmpilotajes.com\/wp-content\/uploads\/2018\/05\/lbm-interpile-pilote-768x1033.jpg 768w, https:\/\/lbmpilotajes.com\/wp-content\/uploads\/2018\/05\/lbm-interpile-pilote-761x1024.jpg 761w\" sizes=\"auto, (max-width: 1226px) 100vw, 1226px\" \/><\/p>\n","protected":false},"excerpt":{"rendered":"<p>\u00bfQu\u00e9 es un Pilote INTERPILE? Un pilote\u00a0INTERPILE\u00a0es un pilote de concreto armado, hincado y vaciado en sitio, sin utilizaci\u00f3n de camisa protectora, que se adapta perfectamente a todas las condiciones de carga posibles y a casi todos los tipos de &hellip; <a href=\"https:\/\/lbmpilotajes.com\/index.php\/pilotes-interpile-venezuela\/\">Continue reading <span class=\"meta-nav\">&rarr;<\/span><\/a><\/p>\n","protected":false},"author":1,"featured_media":0,"parent":0,"menu_order":4,"comment_status":"closed","ping_status":"closed","template":"onecolumn-page.php","meta":{"footnotes":""},"class_list":["post-22","page","type-page","status-publish","hentry"],"_links":{"self":[{"href":"https:\/\/lbmpilotajes.com\/index.php\/wp-json\/wp\/v2\/pages\/22","targetHints":{"allow":["GET"]}}],"collection":[{"href":"https:\/\/lbmpilotajes.com\/index.php\/wp-json\/wp\/v2\/pages"}],"about":[{"href":"https:\/\/lbmpilotajes.com\/index.php\/wp-json\/wp\/v2\/types\/page"}],"author":[{"embeddable":true,"href":"https:\/\/lbmpilotajes.com\/index.php\/wp-json\/wp\/v2\/users\/1"}],"replies":[{"embeddable":true,"href":"https:\/\/lbmpilotajes.com\/index.php\/wp-json\/wp\/v2\/comments?post=22"}],"version-history":[{"count":5,"href":"https:\/\/lbmpilotajes.com\/index.php\/wp-json\/wp\/v2\/pages\/22\/revisions"}],"predecessor-version":[{"id":119,"href":"https:\/\/lbmpilotajes.com\/index.php\/wp-json\/wp\/v2\/pages\/22\/revisions\/119"}],"wp:attachment":[{"href":"https:\/\/lbmpilotajes.com\/index.php\/wp-json\/wp\/v2\/media?parent=22"}],"curies":[{"name":"wp","href":"https:\/\/api.w.org\/{rel}","templated":true}]}}