{"id":20,"date":"2016-03-09T14:05:57","date_gmt":"2016-03-09T14:05:57","guid":{"rendered":"https:\/\/lbmpilotajes.com\/?page_id=20"},"modified":"2018-05-04T14:02:58","modified_gmt":"2018-05-04T14:02:58","slug":"equipos","status":"publish","type":"page","link":"https:\/\/lbmpilotajes.com\/index.php\/equipos\/","title":{"rendered":"Equipos"},"content":{"rendered":"<div id=\"attachment_95\" style=\"width: 1010px\" class=\"wp-caption alignnone\"><img loading=\"lazy\" decoding=\"async\" aria-describedby=\"caption-attachment-95\" src=\"https:\/\/lbmpilotajes.com\/wp-content\/uploads\/2018\/05\/Foto-11-equipo-1.jpg\" alt=\"\" width=\"1000\" height=\"530\" class=\"size-full wp-image-95\" srcset=\"https:\/\/lbmpilotajes.com\/wp-content\/uploads\/2018\/05\/Foto-11-equipo-1.jpg 1000w, https:\/\/lbmpilotajes.com\/wp-content\/uploads\/2018\/05\/Foto-11-equipo-1-300x159.jpg 300w, https:\/\/lbmpilotajes.com\/wp-content\/uploads\/2018\/05\/Foto-11-equipo-1-768x407.jpg 768w\" sizes=\"auto, (max-width: 1000px) 100vw, 1000px\" \/><p id=\"caption-attachment-95\" class=\"wp-caption-text\">Equipos de perforaci\u00f3n sobre cami\u00f3n<\/p><\/div>\n<div class=\"equipos-table\">\n<div class=\"equipos-table-left\">\n<div id=\"attachment_96\" style=\"width: 310px\" class=\"wp-caption alignnone\"><img decoding=\"async\" aria-describedby=\"caption-attachment-96\" src=\"https:\/\/lbmpilotajes.com\/wp-content\/uploads\/2018\/05\/Foto-12-equipo-2-648x1024.jpg\" alt=\"\" width=\"300\" class=\"size-large wp-image-96\" srcset=\"https:\/\/lbmpilotajes.com\/wp-content\/uploads\/2018\/05\/Foto-12-equipo-2-648x1024.jpg 648w, https:\/\/lbmpilotajes.com\/wp-content\/uploads\/2018\/05\/Foto-12-equipo-2-190x300.jpg 190w, https:\/\/lbmpilotajes.com\/wp-content\/uploads\/2018\/05\/Foto-12-equipo-2-768x1214.jpg 768w, https:\/\/lbmpilotajes.com\/wp-content\/uploads\/2018\/05\/Foto-12-equipo-2.jpg 1000w\" sizes=\"(max-width: 648px) 100vw, 648px\" \/><p id=\"caption-attachment-96\" class=\"wp-caption-text\">Perforadora hidr\u00e1ulica Casagrande 125<\/p><\/div>\n<\/div>\n<div class=\"equipos-table-right\">\n<div id=\"attachment_97\" style=\"width: 510px\" class=\"wp-caption alignnone\"><img decoding=\"async\" aria-describedby=\"caption-attachment-97\" src=\"https:\/\/lbmpilotajes.com\/wp-content\/uploads\/2018\/05\/Foto-13-equipo3.jpg\" alt=\"\" width=\"500\" class=\"size-full wp-image-97\" srcset=\"https:\/\/lbmpilotajes.com\/wp-content\/uploads\/2018\/05\/Foto-13-equipo3.jpg 1000w, https:\/\/lbmpilotajes.com\/wp-content\/uploads\/2018\/05\/Foto-13-equipo3-300x283.jpg 300w, https:\/\/lbmpilotajes.com\/wp-content\/uploads\/2018\/05\/Foto-13-equipo3-768x724.jpg 768w\" sizes=\"(max-width: 1000px) 100vw, 1000px\" \/><p id=\"caption-attachment-97\" class=\"wp-caption-text\">Equipos de hinca<\/p><\/div>\n<\/div>\n<\/div>\n<p>1 Perforadora hidr\u00e1ulica Casagrande 125<br \/>\n4 Perforadoras WATSON 5000, para montaje sobre gr\u00faa<br \/>\n1 Perforadora WATSON 2000 montada sobre cami\u00f3n Mack modelo 611SX<br \/>\n2 Perforadoras EZ-BORE montadas sobre camiones Freightliner 2008<br \/>\n1 Perforadora CALDWELD 200 montada sobre cami\u00f3n Ford F-750<br \/>\n1 Perforadora CALDWELD 150 montada sobre cami\u00f3n Ford F-750<br \/>\n1 Perforadora CALDWELD 150 montada sobre cami\u00f3n Chevrolet Kodiak 2009<br \/>\n2 Perforadoras tipo STRAUSS montadas sobre camiones Dodge \u2013 600<br \/>\n2 Perforadoras tipo STRAUSS de tr\u00edpode<br \/>\n3 Gr\u00faas American 5299 de 40 Ton<br \/>\n1 Gr\u00faa Bucyrus-Erie 30-B de 30 Ton<br \/>\n2 Gr\u00faas Bucyrus-Erie 38-B de 40 Ton<br \/>\n1 Gr\u00faa American 599 de 30 Ton<br \/>\n1 Gr\u00faa Manitowoc 3000 de 50 Ton<br \/>\n1 Gr\u00faa Manitowoc 2000 de 30 Ton<br \/>\n4 Martillos Diesel para hinca, marca KOBE, modelo K-13<br \/>\n2 Martillos Diesel para hinca, marca KOBE, modelo K-25<br \/>\n2 Martillos Diesel para hinca, marca KOBE, modelo K-35<br \/>\n1 Martillo Diesel para hinca, marca MKT, modelo da-55B<br \/>\nEquipos varios para la preparaci\u00f3n de lodo benton\u00edtico<br \/>\nEquipo de baldes de perforaci\u00f3n circulares desde 0,45 m de di\u00e1metro hasta 2,15 m de di\u00e1metro<br \/>\nEquipos para perforaci\u00f3n de pilas oblongas y muros colados hasta 2,30 m de largo<br \/>\nEquipos para perforaci\u00f3n con campanas desde 0,45 hasta 2,00 m de di\u00e1metro<\/p>\n<h2 style=\"color: red;\">Equipos de acarreo, transporte y para vaciado de pilotes prefabricados<\/h2>\n<p><div id=\"metaslider-id-105\" style=\"max-width: 650px;\" class=\"ml-slider-3-100-1 metaslider metaslider-flex metaslider-105 ml-slider ms-theme-default\" role=\"region\" aria-label=\"Equipos\" data-height=\"400\" data-width=\"650\">\n    <div id=\"metaslider_container_105\">\n        <div id=\"metaslider_105\">\n            <ul class='slides'>\n                <li style=\"display: block; width: 100%;\" class=\"slide-98 ms-image \" aria-roledescription=\"slide\" data-date=\"2018-05-04 13:45:40\"><img loading=\"lazy\" decoding=\"async\" src=\"https:\/\/lbmpilotajes.com\/wp-content\/uploads\/2018\/05\/Foto-14-transporte-1-650x400.jpg\" height=\"400\" width=\"650\" alt=\"\" class=\"slider-105 slide-98 msDefaultImage\" \/><\/li>\n                <li style=\"display: none; width: 100%;\" class=\"slide-99 ms-image \" aria-roledescription=\"slide\" data-date=\"2018-05-04 13:45:42\"><img loading=\"lazy\" decoding=\"async\" src=\"https:\/\/lbmpilotajes.com\/wp-content\/uploads\/2018\/05\/Foto-15-transporte-2-650x400.jpg\" height=\"400\" width=\"650\" alt=\"\" class=\"slider-105 slide-99 msDefaultImage\" \/><\/li>\n                <li style=\"display: none; width: 100%;\" class=\"slide-100 ms-image \" aria-roledescription=\"slide\" data-date=\"2018-05-04 13:45:44\"><img loading=\"lazy\" decoding=\"async\" src=\"https:\/\/lbmpilotajes.com\/wp-content\/uploads\/2018\/05\/Foto-16-transporte-3-650x400.jpg\" height=\"400\" width=\"650\" alt=\"\" class=\"slider-105 slide-100 msDefaultImage\" \/><\/li>\n            <\/ul>\n        <\/div>\n        \n    <\/div>\n<\/div><br \/>\n16 Formaletas para vaciado de pilotes prefabricados L = 16 m<br \/>\n1 Cargador sobre cauchos, marcha CATERPILLAR<br \/>\n2 Minicargadores marca BOBCAT, modelo 825-I<br \/>\n3 Motocarretones marca PICCINI<br \/>\n1 Chuto IVECO A\u00f1o 2006<br \/>\n2 Bateas L = 12 m<br \/>\n2 Camionetas Pick-Up<br \/>\n2 Camiones 350<\/p>\n","protected":false},"excerpt":{"rendered":"<p>1 Perforadora hidr\u00e1ulica Casagrande 125 4 Perforadoras WATSON 5000, para montaje sobre gr\u00faa 1 Perforadora WATSON 2000 montada sobre cami\u00f3n Mack modelo 611SX 2 Perforadoras EZ-BORE montadas sobre camiones Freightliner 2008 1 Perforadora CALDWELD 200 montada sobre cami\u00f3n Ford F-750 &hellip; <a href=\"https:\/\/lbmpilotajes.com\/index.php\/equipos\/\">Continue reading <span class=\"meta-nav\">&rarr;<\/span><\/a><\/p>\n","protected":false},"author":1,"featured_media":0,"parent":0,"menu_order":3,"comment_status":"closed","ping_status":"closed","template":"onecolumn-page.php","meta":{"footnotes":""},"class_list":["post-20","page","type-page","status-publish","hentry"],"_links":{"self":[{"href":"https:\/\/lbmpilotajes.com\/index.php\/wp-json\/wp\/v2\/pages\/20","targetHints":{"allow":["GET"]}}],"collection":[{"href":"https:\/\/lbmpilotajes.com\/index.php\/wp-json\/wp\/v2\/pages"}],"about":[{"href":"https:\/\/lbmpilotajes.com\/index.php\/wp-json\/wp\/v2\/types\/page"}],"author":[{"embeddable":true,"href":"https:\/\/lbmpilotajes.com\/index.php\/wp-json\/wp\/v2\/users\/1"}],"replies":[{"embeddable":true,"href":"https:\/\/lbmpilotajes.com\/index.php\/wp-json\/wp\/v2\/comments?post=20"}],"version-history":[{"count":6,"href":"https:\/\/lbmpilotajes.com\/index.php\/wp-json\/wp\/v2\/pages\/20\/revisions"}],"predecessor-version":[{"id":112,"href":"https:\/\/lbmpilotajes.com\/index.php\/wp-json\/wp\/v2\/pages\/20\/revisions\/112"}],"wp:attachment":[{"href":"https:\/\/lbmpilotajes.com\/index.php\/wp-json\/wp\/v2\/media?parent=20"}],"curies":[{"name":"wp","href":"https:\/\/api.w.org\/{rel}","templated":true}]}}