{"id":18,"date":"2016-03-09T14:04:01","date_gmt":"2016-03-09T14:04:01","guid":{"rendered":"https:\/\/lbmpilotajes.com\/?page_id=18"},"modified":"2018-05-04T13:50:37","modified_gmt":"2018-05-04T13:50:37","slug":"obras","status":"publish","type":"page","link":"https:\/\/lbmpilotajes.com\/index.php\/obras\/","title":{"rendered":"Obras"},"content":{"rendered":"<h2 style=\"color: red;\">Pilotes Prefabricados<\/h2>\n<p><img loading=\"lazy\" decoding=\"async\" src=\"https:\/\/lbmpilotajes.com\/wp-content\/uploads\/2018\/05\/Foto-4-obra-1-300x209.jpg\" alt=\"\" width=\"280\" height=\"194\" class=\"alignright size-medium wp-image-88\" srcset=\"https:\/\/lbmpilotajes.com\/wp-content\/uploads\/2018\/05\/Foto-4-obra-1-300x209.jpg 300w, https:\/\/lbmpilotajes.com\/wp-content\/uploads\/2018\/05\/Foto-4-obra-1-768x535.jpg 768w, https:\/\/lbmpilotajes.com\/wp-content\/uploads\/2018\/05\/Foto-4-obra-1.jpg 1000w\" sizes=\"auto, (max-width: 280px) 100vw, 280px\" \/>LBM Ingenier\u00eda de Fundaciones-Pilotajes, C.A. comenz\u00f3 a producir pilotes de concreto armado prefabricados desde el a\u00f1o 1994, cuando se instal\u00f3 una planta de prefabricado en la Urb. Nueva Casarapa, en Guarenas, Estado Miranda. Hasta la fecha hemos fabricado e hincado aproximadamente unos DOSCIENTOS MIL (200.000) metros lineales de pilotes prefabricados, siguiendo para ello las recomendaciones del American Concrete Institute (ACI), espec\u00edficamente la publicaci\u00f3n \u201c<em>Recomendations for Design, Manufacture, and Installation of Concrete Piles . ACI 543-R-74<\/em>\u201d, las cuales nos han servido siempre de gu\u00eda para fabricar e hincar excelentes pilotes. Entre los desarrollos habitacionales m\u00e1s emblem\u00e1ticos podemos mencionar a los edificios de la Urbanizaci\u00f3n Nueva Casarapa (en la gr\u00e1fica) y los del desarrollo Ciudad Plaza, en Valencia, Estado Carabobo.<\/p>\n<h2 style=\"color: red;\">Pilotes excavados<\/h2>\n<p><img loading=\"lazy\" decoding=\"async\" src=\"https:\/\/lbmpilotajes.com\/wp-content\/uploads\/2018\/05\/Foto-5-obra-2-300x189.jpg\" alt=\"\" width=\"300\" height=\"189\" class=\"alignleft size-medium wp-image-89\" srcset=\"https:\/\/lbmpilotajes.com\/wp-content\/uploads\/2018\/05\/Foto-5-obra-2-300x189.jpg 300w, https:\/\/lbmpilotajes.com\/wp-content\/uploads\/2018\/05\/Foto-5-obra-2-768x485.jpg 768w, https:\/\/lbmpilotajes.com\/wp-content\/uploads\/2018\/05\/Foto-5-obra-2.jpg 1000w\" sizes=\"auto, (max-width: 300px) 100vw, 300px\" \/>Desde el a\u00f1o 1976 estamos ejecutando pilotes excavados en seco y tipo \u201cStrauss\u201d, y a partir de 1978 iniciamos la excavaci\u00f3n de pilotes con protecci\u00f3n de lodo benton\u00edtico. Tenemos una extensa lista de clientes satisfechos, y estamos orgullosos de haber participado en obras de gran relieve, como es el proyecto \u201c<em>\u00c1rbol para Vivir<\/em>\u201d, del Arq. Fruto Vivas en Lecher\u00edas, Estado Anzo\u00e1tegui; las tribunas, accesos y pizarra electr\u00f3nica del \u201c<em>Hip\u00f3dromo de Valencia<\/em>\u201d, Estado Carabobo; la \u201c<em>Casa del Artista<\/em>\u201d en Caracas, y las fundaciones de la \u201c<em>Bas\u00edlica Nuestra Se\u00f1ora de Coromoto<\/em>\u201d en el Estado Portuguesa.<\/p>\n<h2 style=\"color: red; margin-top: 10px;\">Pilotes con tuber\u00eda de acero<\/h2>\n<p><img loading=\"lazy\" decoding=\"async\" src=\"https:\/\/lbmpilotajes.com\/wp-content\/uploads\/2018\/05\/Foto-6-obra-3-300x268.jpg\" alt=\"\" width=\"300\" height=\"268\" class=\"alignright size-medium wp-image-90\" srcset=\"https:\/\/lbmpilotajes.com\/wp-content\/uploads\/2018\/05\/Foto-6-obra-3-300x268.jpg 300w, https:\/\/lbmpilotajes.com\/wp-content\/uploads\/2018\/05\/Foto-6-obra-3-768x686.jpg 768w, https:\/\/lbmpilotajes.com\/wp-content\/uploads\/2018\/05\/Foto-6-obra-3.jpg 1000w\" sizes=\"auto, (max-width: 300px) 100vw, 300px\" \/>Se utilizan principalmente para puentes y obras mar\u00edtimas. Por lo general este tipo de obra consiste en hincar un tubo de acero de aproximadamente 12 mm de espesor y di\u00e1metro comprendido entre 40 cm y 90\u00a0cm, con la punta abierta o cerrada. Si se hinca con la punta abierta, luego se excava por dentro hasta la profundidad especificada en el proyecto y a continuaci\u00f3n se coloca la armadura de acero de refuerzo y se vac\u00eda el concreto. Entre las obras m\u00e1s importantes en las que hemos tenido la oportunidad de participar, podemos mencionar las fundaciones de los puentes sobre los r\u00edos Apure, Capanaparo y Cinaruco (Estado Apure); r\u00edo Anaro (Estado Barinas) y r\u00edo Tuy (Estado Miranda).<\/p>\n<h2 style=\"color: red;\">Micropilotes<\/h2>\n<p><img loading=\"lazy\" decoding=\"async\" src=\"https:\/\/lbmpilotajes.com\/wp-content\/uploads\/2018\/05\/Foto-7-obra-4-300x225.jpg\" alt=\"\" width=\"300\" height=\"225\" class=\"alignleft size-medium wp-image-91\" srcset=\"https:\/\/lbmpilotajes.com\/wp-content\/uploads\/2018\/05\/Foto-7-obra-4-300x225.jpg 300w, https:\/\/lbmpilotajes.com\/wp-content\/uploads\/2018\/05\/Foto-7-obra-4-768x576.jpg 768w, https:\/\/lbmpilotajes.com\/wp-content\/uploads\/2018\/05\/Foto-7-obra-4.jpg 1000w\" sizes=\"auto, (max-width: 300px) 100vw, 300px\" \/>Se utilizan para el recalce de fundaciones, para ampliaciones de estructuras en sitios de dif\u00edcil acceso, o para fundaciones de estructuras sometidas a elevadas cargas de tracci\u00f3n (como el caso de las chimeneas o torres de electricidad) en sitios donde el subsuelo es muy duro (roca) y no permite la ejecuci\u00f3n de pilotes convencionales. Nuestra empresa ejecut\u00f3 los micropilotes para la fundaci\u00f3n de la chimenea de la ampliaci\u00f3n de la planta termoel\u00e9ctrica de Aruba; para el nuevo silo de la ampliaci\u00f3n de la planta de Molinos Hidalgo en Catia La Mar, Estado Vargas,  fundaciones para torres de transmisi\u00f3n y m\u00e1s de 30 proyectos para recalce y ampliaciones de viviendas.<\/p>\n<h2 style=\"color: red;\">Muros anclados<\/h2>\n<p><img loading=\"lazy\" decoding=\"async\" src=\"https:\/\/lbmpilotajes.com\/wp-content\/uploads\/2018\/05\/Foto-8-obra-5-300x181.jpg\" alt=\"\" width=\"300\" height=\"181\" class=\"alignleft size-medium wp-image-92\" srcset=\"https:\/\/lbmpilotajes.com\/wp-content\/uploads\/2018\/05\/Foto-8-obra-5-300x181.jpg 300w, https:\/\/lbmpilotajes.com\/wp-content\/uploads\/2018\/05\/Foto-8-obra-5-768x464.jpg 768w, https:\/\/lbmpilotajes.com\/wp-content\/uploads\/2018\/05\/Foto-8-obra-5.jpg 1000w\" sizes=\"auto, (max-width: 300px) 100vw, 300px\" \/>La experiencia de nuestro Departamento T\u00e9cnico nos ha permitido proyectar y construir numerosas obras de contenci\u00f3n de taludes, pantallas atirantadas y muros de concreto proyectado para el soporte de excavaciones. <\/p>\n<h2 style=\"color: red;\">Tablestacados<\/h2>\n<p><img loading=\"lazy\" decoding=\"async\" src=\"https:\/\/lbmpilotajes.com\/wp-content\/uploads\/2018\/05\/Foto-9-obra-6-300x240.jpg\" alt=\"\" width=\"300\" height=\"240\" class=\"alignright size-medium wp-image-93\" srcset=\"https:\/\/lbmpilotajes.com\/wp-content\/uploads\/2018\/05\/Foto-9-obra-6-300x240.jpg 300w, https:\/\/lbmpilotajes.com\/wp-content\/uploads\/2018\/05\/Foto-9-obra-6-768x614.jpg 768w, https:\/\/lbmpilotajes.com\/wp-content\/uploads\/2018\/05\/Foto-9-obra-6.jpg 1000w\" sizes=\"auto, (max-width: 300px) 100vw, 300px\" \/>Estamos en capacidad de suministrar  e hincar tablestacas prefabricadas de concreto para obras portuarias y canalizaciones de r\u00edos. Tambi\u00e9n ejecutamos hinca de tablestacas de acero seg\u00fan los requisitos del cliente. <\/p>\n<h2 style=\"color: red;\">Control de calidad<\/h2>\n<p><img loading=\"lazy\" decoding=\"async\" src=\"https:\/\/lbmpilotajes.com\/wp-content\/uploads\/2018\/05\/Foto-10-obra-7-300x240.jpg\" alt=\"\" width=\"300\" height=\"240\" class=\"alignright size-medium wp-image-94\" srcset=\"https:\/\/lbmpilotajes.com\/wp-content\/uploads\/2018\/05\/Foto-10-obra-7-300x240.jpg 300w, https:\/\/lbmpilotajes.com\/wp-content\/uploads\/2018\/05\/Foto-10-obra-7-768x614.jpg 768w, https:\/\/lbmpilotajes.com\/wp-content\/uploads\/2018\/05\/Foto-10-obra-7.jpg 1000w\" sizes=\"auto, (max-width: 300px) 100vw, 300px\" \/>Durante nuestra trayectoria de m\u00e1s de 40 a\u00f1os en la ejecuci\u00f3n de fundaciones, hemos tenido la oportunidad de someter nuestros pilotes tanto excavados como hincados, a un gran n\u00famero de pruebas de carga en las m\u00e1s variadas condiciones de terrenos, todas superadas con \u00e9xito, lo cual no s\u00f3lo es un aval para la calidad de nuestros trabajos, sino que adem\u00e1s representa una invaluable fuente de conocimiento sobre el comportamiento y capacidad de carga de los pilotes en los diferentes tipos de suelos de la geograf\u00eda venezolana. Al respecto nos permitimos recordar una frase del Ing. Gustavo P\u00e9rez Guerra, pionero de la Mec\u00e1nica de Suelos en Venezuela, qui\u00e9n dec\u00eda que <strong><em>\u201cLa capacidad de carga de un pilote no se calcula. Se estima, y luego se verifica con una prueba de carga\u201d<\/em><\/strong>.<\/p>\n","protected":false},"excerpt":{"rendered":"<p>Pilotes Prefabricados LBM Ingenier\u00eda de Fundaciones-Pilotajes, C.A. comenz\u00f3 a producir pilotes de concreto armado prefabricados desde el a\u00f1o 1994, cuando se instal\u00f3 una planta de prefabricado en la Urb. Nueva Casarapa, en Guarenas, Estado Miranda. Hasta la fecha hemos fabricado &hellip; <a href=\"https:\/\/lbmpilotajes.com\/index.php\/obras\/\">Continue reading <span class=\"meta-nav\">&rarr;<\/span><\/a><\/p>\n","protected":false},"author":1,"featured_media":0,"parent":0,"menu_order":2,"comment_status":"closed","ping_status":"closed","template":"onecolumn-page.php","meta":{"footnotes":""},"class_list":["post-18","page","type-page","status-publish","hentry"],"_links":{"self":[{"href":"https:\/\/lbmpilotajes.com\/index.php\/wp-json\/wp\/v2\/pages\/18","targetHints":{"allow":["GET"]}}],"collection":[{"href":"https:\/\/lbmpilotajes.com\/index.php\/wp-json\/wp\/v2\/pages"}],"about":[{"href":"https:\/\/lbmpilotajes.com\/index.php\/wp-json\/wp\/v2\/types\/page"}],"author":[{"embeddable":true,"href":"https:\/\/lbmpilotajes.com\/index.php\/wp-json\/wp\/v2\/users\/1"}],"replies":[{"embeddable":true,"href":"https:\/\/lbmpilotajes.com\/index.php\/wp-json\/wp\/v2\/comments?post=18"}],"version-history":[{"count":7,"href":"https:\/\/lbmpilotajes.com\/index.php\/wp-json\/wp\/v2\/pages\/18\/revisions"}],"predecessor-version":[{"id":83,"href":"https:\/\/lbmpilotajes.com\/index.php\/wp-json\/wp\/v2\/pages\/18\/revisions\/83"}],"wp:attachment":[{"href":"https:\/\/lbmpilotajes.com\/index.php\/wp-json\/wp\/v2\/media?parent=18"}],"curies":[{"name":"wp","href":"https:\/\/api.w.org\/{rel}","templated":true}]}}