{"id":16,"date":"2016-03-09T14:01:29","date_gmt":"2016-03-09T14:01:29","guid":{"rendered":"https:\/\/lbmpilotajes.com\/?page_id=16"},"modified":"2018-05-04T13:28:56","modified_gmt":"2018-05-04T13:28:56","slug":"la-empresa","status":"publish","type":"page","link":"https:\/\/lbmpilotajes.com\/index.php\/la-empresa\/","title":{"rendered":"La Empresa"},"content":{"rendered":"<p>Desde 1976, a\u00f1o de su fundaci\u00f3n por los Ingenieros Luis Brice\u00f1o Monsant, Oscar Mibelli D\u00edaz y Freddy Brice\u00f1o Rodriguez, nuestra empresa siempre ha contado con un equipo de profesionales con una s\u00f3lida preparaci\u00f3n y amplia experiencia en el campo de la Ingenier\u00eda Civil y Geotecnia, un personal t\u00e9cnico calificado y una variada selecci\u00f3n de equipos propios que le permiten ejecutar cualquier obra relacionada con la Geotecnia, desde la fase conceptual hasta su completa terminaci\u00f3n.<\/p>\n<p>Nuestra trayectoria de m\u00e1s de 40 a\u00f1os en este campo tan delicado de la construcci\u00f3n, nos ha permitido participar en la ejecuci\u00f3n de obras de gran importancia, no s\u00f3lo en todos los Estados de Venezuela, sino tambi\u00e9n en Belice, Rep\u00fablica Dominicana, Barbados, y las vecinas islas de Aruba y Curazao.<\/p>\n<p>El Departamento T\u00e9cnico de LBM INGENIERIA DE FUNDACIONES\u2013PILOTAJES, C.A. cuenta con Ingenieros de s\u00f3lida experiencia y reconocida capacidad:<\/p>\n<p><span style=\"color: red; font-weight: bold;\">Miembro Fundador y Presidente<\/span><br \/>\n<strong>Ing. Freddy Brice\u00f1o Rodr\u00edguez<\/strong><br \/>\nGraduado en la Universidad del Zulia en 1972, e inscrito en el Colegio de Ingenieros de Venezuela bajo el <strong>n\u00ba 10.416<\/strong>.<\/p>\n<p><span style=\"color: red; font-weight: bold;\">Gerente T\u00e9cnico<\/span><br \/>\n<strong>Ing. C\u00e9sar Disilvestro C.<\/strong><br \/>\nGraduado en la Universidad Cat\u00f3lica Andres Bello en 1973, e inscrito en el Colegio de Ingenieros de Venezuela bajo el\u00a0<strong>n\u00ba 12.394<\/strong>.<\/p>\n<p><span style=\"color: red; font-weight: bold;\">Gerente de Producci\u00f3n y Control de Obras<\/span><br \/>\n<strong>Ing. Ricardo Brice\u00f1o Rodr\u00edguez<\/strong><br \/>\nGraduado en la Universidad Metropolitana en 1984, e inscrito en el Colegio de Ingenieros de Venezuela bajo el <strong>n\u00ba 46.884<\/strong>.<\/p>\n","protected":false},"excerpt":{"rendered":"<p>Desde 1976, a\u00f1o de su fundaci\u00f3n por los Ingenieros Luis Brice\u00f1o Monsant, Oscar Mibelli D\u00edaz y Freddy Brice\u00f1o Rodriguez, nuestra empresa siempre ha contado con un equipo de profesionales con una s\u00f3lida preparaci\u00f3n y amplia experiencia en el campo de &hellip; <a href=\"https:\/\/lbmpilotajes.com\/index.php\/la-empresa\/\">Continue reading <span class=\"meta-nav\">&rarr;<\/span><\/a><\/p>\n","protected":false},"author":1,"featured_media":0,"parent":0,"menu_order":1,"comment_status":"closed","ping_status":"closed","template":"onecolumn-page.php","meta":{"footnotes":""},"class_list":["post-16","page","type-page","status-publish","hentry"],"_links":{"self":[{"href":"https:\/\/lbmpilotajes.com\/index.php\/wp-json\/wp\/v2\/pages\/16","targetHints":{"allow":["GET"]}}],"collection":[{"href":"https:\/\/lbmpilotajes.com\/index.php\/wp-json\/wp\/v2\/pages"}],"about":[{"href":"https:\/\/lbmpilotajes.com\/index.php\/wp-json\/wp\/v2\/types\/page"}],"author":[{"embeddable":true,"href":"https:\/\/lbmpilotajes.com\/index.php\/wp-json\/wp\/v2\/users\/1"}],"replies":[{"embeddable":true,"href":"https:\/\/lbmpilotajes.com\/index.php\/wp-json\/wp\/v2\/comments?post=16"}],"version-history":[{"count":4,"href":"https:\/\/lbmpilotajes.com\/index.php\/wp-json\/wp\/v2\/pages\/16\/revisions"}],"predecessor-version":[{"id":71,"href":"https:\/\/lbmpilotajes.com\/index.php\/wp-json\/wp\/v2\/pages\/16\/revisions\/71"}],"wp:attachment":[{"href":"https:\/\/lbmpilotajes.com\/index.php\/wp-json\/wp\/v2\/media?parent=16"}],"curies":[{"name":"wp","href":"https:\/\/api.w.org\/{rel}","templated":true}]}}